{"id":867,"date":"2020-12-21T12:47:28","date_gmt":"2020-12-21T11:47:28","guid":{"rendered":"https:\/\/vsbreitenfurt.ac.at\/wp5\/?page_id=867"},"modified":"2020-12-22T11:16:16","modified_gmt":"2020-12-22T10:16:16","slug":"schulaerztin","status":"publish","type":"page","link":"https:\/\/vsbreitenfurt.ac.at\/wp5\/schulaerztin\/","title":{"rendered":"Schul\u00e4rztin"},"content":{"rendered":"<figure id=\"attachment_868\" aria-describedby=\"caption-attachment-868\" style=\"width: 321px\" class=\"wp-caption alignright\"><a href=\"https:\/\/vsbreitenfurt.ac.at\/wp5\/schulaerztin\/vs-bre_schulaeztin\/\" rel=\"attachment wp-att-868\"><img loading=\"lazy\" decoding=\"async\" class=\" wp-image-868\" src=\"https:\/\/vsbreitenfurt.ac.at\/wp5\/wp-content\/uploads\/2020\/12\/vs-bre_schulaeztin.jpg\" alt=\"Dr. Kristiane Kriszt\" width=\"321\" height=\"214\" \/><\/a><figcaption id=\"caption-attachment-868\" class=\"wp-caption-text\">Dr. Christiane Kriszt<\/figcaption><\/figure>\n<p>Ich bin seit heuer die neue Schul\u00e4rztin der Volksschule in Breitenfurt. Mein Name ist Dr. Christiane Kriszt. Ich arbeite als praktische \u00c4rztin im Team des \u00c4rztezentrums Wienerwald in Breitenfurt und war \u00fcber 30 Jahre Schul\u00e4rztin in Wien in einer h\u00f6heren Schule zur Ausbildung zur Kindergartenp\u00e4dagogin\/zum Kindergartenp\u00e4dagogen. Die medizinische Betreuung von Kindern und Jugendlichen hat mir schon immer gro\u00dfe Freude gemacht.<br \/>\nIm Laufe des Schuljahres werde ich alle Kinder untersuchen (soweit mir die beh\u00f6rdlichen Verordnungen dies erlauben). Ich bem\u00fche mich die Untersuchung so angenehm wie m\u00f6glich zu machen, sodass die Kinder einen stressfreien Arzt-Patientenkontakt erleben. Im Fr\u00fchsommer werde ich eine Impfaktion starten, bei der ich die Masern-Mumps-R\u00f6teln und die Diphterie-Tetanus- Polio-Pertussis Impfung anbieten werde. Dieses Angebot h\u00e4ngt auch von den Vorgaben der Landesschuldirektion ab.<br \/>\nGerne unterst\u00fctze ich die Schule in gesundheitlichen Belangen und Fragen und freue mich auf die neue Aufgabe in der Volksschule.<\/p>\n","protected":false},"excerpt":{"rendered":"<p>Ich bin seit heuer die neue Schul\u00e4rztin der Volksschule in Breitenfurt. Mein Name ist Dr. Christiane Kriszt. Ich arbeite als praktische \u00c4rztin im Team des \u00c4rztezentrums Wienerwald in Breitenfurt und war \u00fcber 30 Jahre Schul\u00e4rztin in Wien in einer h\u00f6heren Schule zur Ausbildung zur Kindergartenp\u00e4dagogin\/zum Kindergartenp\u00e4dagogen. Die medizinische Betreuung von Kindern und Jugendlichen hat mir [&hellip;]<\/p>\n","protected":false},"author":1,"featured_media":0,"parent":0,"menu_order":0,"comment_status":"closed","ping_status":"closed","template":"","meta":{"site-sidebar-layout":"default","site-content-layout":"default","ast-site-content-layout":"default","site-content-style":"default","site-sidebar-style":"default","ast-global-header-display":"","ast-banner-title-visibility":"","ast-main-header-display":"","ast-hfb-above-header-display":"","ast-hfb-below-header-display":"","ast-hfb-mobile-header-display":"","site-post-title":"","ast-breadcrumbs-content":"","ast-featured-img":"","footer-sml-layout":"","ast-disable-related-posts":"","theme-transparent-header-meta":"default","adv-header-id-meta":"","stick-header-meta":"","header-above-stick-meta":"","header-main-stick-meta":"","header-below-stick-meta":"","astra-migrate-meta-layouts":"default","ast-page-background-enabled":"default","ast-page-background-meta":{"desktop":{"background-color":"","background-image":"","background-repeat":"repeat","background-position":"center center","background-size":"auto","background-attachment":"scroll","background-type":"","background-media":"","overlay-type":"","overlay-color":"","overlay-opacity":"","overlay-gradient":""},"tablet":{"background-color":"","background-image":"","background-repeat":"repeat","background-position":"center center","background-size":"auto","background-attachment":"scroll","background-type":"","background-media":"","overlay-type":"","overlay-color":"","overlay-opacity":"","overlay-gradient":""},"mobile":{"background-color":"","background-image":"","background-repeat":"repeat","background-position":"center center","background-size":"auto","background-attachment":"scroll","background-type":"","background-media":"","overlay-type":"","overlay-color":"","overlay-opacity":"","overlay-gradient":""}},"ast-content-background-meta":{"desktop":{"background-color":"var(--ast-global-color-5)","background-image":"","background-repeat":"repeat","background-position":"center center","background-size":"auto","background-attachment":"scroll","background-type":"","background-media":"","overlay-type":"","overlay-color":"","overlay-opacity":"","overlay-gradient":""},"tablet":{"background-color":"var(--ast-global-color-5)","background-image":"","background-repeat":"repeat","background-position":"center center","background-size":"auto","background-attachment":"scroll","background-type":"","background-media":"","overlay-type":"","overlay-color":"","overlay-opacity":"","overlay-gradient":""},"mobile":{"background-color":"var(--ast-global-color-5)","background-image":"","background-repeat":"repeat","background-position":"center center","background-size":"auto","background-attachment":"scroll","background-type":"","background-media":"","overlay-type":"","overlay-color":"","overlay-opacity":"","overlay-gradient":""}},"footnotes":""},"class_list":["post-867","page","type-page","status-publish","hentry"],"_links":{"self":[{"href":"https:\/\/vsbreitenfurt.ac.at\/wp5\/wp-json\/wp\/v2\/pages\/867","targetHints":{"allow":["GET"]}}],"collection":[{"href":"https:\/\/vsbreitenfurt.ac.at\/wp5\/wp-json\/wp\/v2\/pages"}],"about":[{"href":"https:\/\/vsbreitenfurt.ac.at\/wp5\/wp-json\/wp\/v2\/types\/page"}],"author":[{"embeddable":true,"href":"https:\/\/vsbreitenfurt.ac.at\/wp5\/wp-json\/wp\/v2\/users\/1"}],"replies":[{"embeddable":true,"href":"https:\/\/vsbreitenfurt.ac.at\/wp5\/wp-json\/wp\/v2\/comments?post=867"}],"version-history":[{"count":4,"href":"https:\/\/vsbreitenfurt.ac.at\/wp5\/wp-json\/wp\/v2\/pages\/867\/revisions"}],"predecessor-version":[{"id":875,"href":"https:\/\/vsbreitenfurt.ac.at\/wp5\/wp-json\/wp\/v2\/pages\/867\/revisions\/875"}],"wp:attachment":[{"href":"https:\/\/vsbreitenfurt.ac.at\/wp5\/wp-json\/wp\/v2\/media?parent=867"}],"curies":[{"name":"wp","href":"https:\/\/api.w.org\/{rel}","templated":true}]}}