{"id":239,"date":"2020-12-03T12:46:28","date_gmt":"2020-12-03T11:46:28","guid":{"rendered":"https:\/\/vsbreitenfurt.ac.at\/wp5\/?page_id=239"},"modified":"2020-12-21T08:21:04","modified_gmt":"2020-12-21T07:21:04","slug":"hort","status":"publish","type":"page","link":"https:\/\/vsbreitenfurt.ac.at\/wp5\/hort\/","title":{"rendered":"Hort"},"content":{"rendered":"<p>Unser Hort wird zur Zeit von ca. 90 Kindern der Volksschule Breitenfurt besucht. Neben dem Mittagessen und der Jause bieten wir Ihren Kindern ein vielf\u00e4ltiges Nachmittagsprogramm an. Wir unterst\u00fctzen Ihr Kind beim Erledigen der t\u00e4glichen Hausaufgaben, wobei es uns immer wichtig ist, dass sich Ihr Kind wohl f\u00fchlt, seine F\u00e4hig- und Fertigkeiten frei entfalten kann und somit zu einer eigenst\u00e4ndigen Pers\u00f6nlichkeit wird. Wir verf\u00fcgen \u00fcber gro\u00dfz\u00fcgige R\u00e4umlichkeiten und einen sch\u00f6nen Garten mit ad\u00e4quaten Spielger\u00e4ten.<\/p>\n<p>Besuchen Sie <a href=\"https:\/\/hort-breitenfurt.at\" target=\"_blank\" rel=\"noopener\">unsere Homepage!<\/a><\/p>\n","protected":false},"excerpt":{"rendered":"<p>Unser Hort wird zur Zeit von ca. 90 Kindern der Volksschule Breitenfurt besucht. Neben dem Mittagessen und der Jause bieten wir Ihren Kindern ein vielf\u00e4ltiges Nachmittagsprogramm an. Wir unterst\u00fctzen Ihr Kind beim Erledigen der t\u00e4glichen Hausaufgaben, wobei es uns immer wichtig ist, dass sich Ihr Kind wohl f\u00fchlt, seine F\u00e4hig- und Fertigkeiten frei entfalten kann [&hellip;]<\/p>\n","protected":false},"author":1,"featured_media":0,"parent":0,"menu_order":0,"comment_status":"closed","ping_status":"closed","template":"","meta":{"site-sidebar-layout":"default","site-content-layout":"default","ast-site-content-layout":"default","site-content-style":"default","site-sidebar-style":"default","ast-global-header-display":"","ast-banner-title-visibility":"","ast-main-header-display":"","ast-hfb-above-header-display":"","ast-hfb-below-header-display":"","ast-hfb-mobile-header-display":"","site-post-title":"","ast-breadcrumbs-content":"","ast-featured-img":"","footer-sml-layout":"","ast-disable-related-posts":"","theme-transparent-header-meta":"default","adv-header-id-meta":"","stick-header-meta":"","header-above-stick-meta":"","header-main-stick-meta":"","header-below-stick-meta":"","astra-migrate-meta-layouts":"default","ast-page-background-enabled":"default","ast-page-background-meta":{"desktop":{"background-color":"","background-image":"","background-repeat":"repeat","background-position":"center center","background-size":"auto","background-attachment":"scroll","background-type":"","background-media":"","overlay-type":"","overlay-color":"","overlay-opacity":"","overlay-gradient":""},"tablet":{"background-color":"","background-image":"","background-repeat":"repeat","background-position":"center center","background-size":"auto","background-attachment":"scroll","background-type":"","background-media":"","overlay-type":"","overlay-color":"","overlay-opacity":"","overlay-gradient":""},"mobile":{"background-color":"","background-image":"","background-repeat":"repeat","background-position":"center center","background-size":"auto","background-attachment":"scroll","background-type":"","background-media":"","overlay-type":"","overlay-color":"","overlay-opacity":"","overlay-gradient":""}},"ast-content-background-meta":{"desktop":{"background-color":"var(--ast-global-color-5)","background-image":"","background-repeat":"repeat","background-position":"center center","background-size":"auto","background-attachment":"scroll","background-type":"","background-media":"","overlay-type":"","overlay-color":"","overlay-opacity":"","overlay-gradient":""},"tablet":{"background-color":"var(--ast-global-color-5)","background-image":"","background-repeat":"repeat","background-position":"center center","background-size":"auto","background-attachment":"scroll","background-type":"","background-media":"","overlay-type":"","overlay-color":"","overlay-opacity":"","overlay-gradient":""},"mobile":{"background-color":"var(--ast-global-color-5)","background-image":"","background-repeat":"repeat","background-position":"center center","background-size":"auto","background-attachment":"scroll","background-type":"","background-media":"","overlay-type":"","overlay-color":"","overlay-opacity":"","overlay-gradient":""}},"footnotes":""},"class_list":["post-239","page","type-page","status-publish","hentry"],"_links":{"self":[{"href":"https:\/\/vsbreitenfurt.ac.at\/wp5\/wp-json\/wp\/v2\/pages\/239","targetHints":{"allow":["GET"]}}],"collection":[{"href":"https:\/\/vsbreitenfurt.ac.at\/wp5\/wp-json\/wp\/v2\/pages"}],"about":[{"href":"https:\/\/vsbreitenfurt.ac.at\/wp5\/wp-json\/wp\/v2\/types\/page"}],"author":[{"embeddable":true,"href":"https:\/\/vsbreitenfurt.ac.at\/wp5\/wp-json\/wp\/v2\/users\/1"}],"replies":[{"embeddable":true,"href":"https:\/\/vsbreitenfurt.ac.at\/wp5\/wp-json\/wp\/v2\/comments?post=239"}],"version-history":[{"count":7,"href":"https:\/\/vsbreitenfurt.ac.at\/wp5\/wp-json\/wp\/v2\/pages\/239\/revisions"}],"predecessor-version":[{"id":1029,"href":"https:\/\/vsbreitenfurt.ac.at\/wp5\/wp-json\/wp\/v2\/pages\/239\/revisions\/1029"}],"wp:attachment":[{"href":"https:\/\/vsbreitenfurt.ac.at\/wp5\/wp-json\/wp\/v2\/media?parent=239"}],"curies":[{"name":"wp","href":"https:\/\/api.w.org\/{rel}","templated":true}]}}