{"id":236,"date":"2020-12-03T12:45:25","date_gmt":"2020-12-03T11:45:25","guid":{"rendered":"https:\/\/vsbreitenfurt.ac.at\/wp5\/?page_id=236"},"modified":"2025-10-24T20:56:31","modified_gmt":"2025-10-24T18:56:31","slug":"zusatzangebote","status":"publish","type":"page","link":"https:\/\/vsbreitenfurt.ac.at\/wp5\/zusatzangebote\/","title":{"rendered":"Zusatzangebote"},"content":{"rendered":"<h3>Unverbindliche \u00dcbungen (U\u00dc)<\/h3>\n<h4>U\u00dc MINT-Club f\u00fcr alle Klassen: Mathematik-Informatik-Naturwissenschaft-Technik<strong><u><br \/>\n<\/u><\/strong><\/h4>\n<p>\u201eDer einfachste Versuch, den man selbst durchf\u00fchrt, ist besser als der sch\u00f6nste Versuch, den man nur sieht.\u201c (Michael Faraday 1791-1861) Nach diesem Motto wollen wir in der unverbindlichen \u00dcbung \u201eMINT-Club&#8220; den Klassenraum in ein Zauberlabor zum Experimentieren und Staunen verwandeln. Wir sind gemeinsam aktiv, um die Freude und Neugier an den Naturwissenschaften &amp; Co. zu f\u00f6rdern.<\/p>\n<h4>U\u00dc Englisch f\u00fcr die 4. Klassen<\/h4>\n<p>Neben der w\u00f6chentlichen Englischstunde f\u00fcr <strong>alle<\/strong> Kinder, wird Englischunterricht auch als zus\u00e4tzliche unverbindliche \u00dcbung angeboten.<\/p>\n<h4>U\u00dc Musicalwerkstatt f\u00fcr 2. &#8211; 4. Klasse<\/h4>\n<p>Kinder singen, tanzen und musizieren gemeinsam. Unterst\u00fctzt werden wir von unserer Gesangslehrerin Elisabeth. Jede Einheit beginnt mit einem Warm-up f\u00fcr die Stimme und den gesamten K\u00f6rper. Danach werden Lieder gesungen, Rhythmus\u00fcbungen gemacht, getanzt und vieles mehr. Alles was man braucht, um ein Musical auf die Beine zu stellen, dass wir gerne allen Interessierten gegen Ende des Schuljahres vorf\u00fchren.<\/p>\n<h3>Kooperation mit der Musikschule Breitenfurt<\/h3>\n<p>Trommelunterricht f\u00fcr alle Klassen mit Hr. Hubmann<\/p>\n<p>Musikwerkstatt unterst\u00fctzt von Gesangslehrerin Fr. Jahrmann<\/p>\n<p>&nbsp;<\/p>\n<h3>freiwillige, kostenpflichtige Nachmittags-Angebote<\/h3>\n<h4>Science Pool<\/h4>\n<p>Interessenf\u00f6rderung von Kindern und Jugendlichen<br \/>\nScience Pool will Kindern und Jugendlichen die M\u00f6glichkeit geben, ihrem (vor)wissenschaftlichen Interesse kreativ nachzugehen. Es wird mit den 4 Elementen gearbeitet, experimentiert und viel entdeckt \u2013 mit dem Ziel, die Welt zu be-greifen und zu verstehen!<\/p>\n<h4>Englisch-Unterricht mit dem Pauker<\/h4>\n<p>&nbsp;<\/p>\n<h4>Musik- und Kunstakademie N\u00d6<\/h4>\n<p>&nbsp;<\/p>\n<h3>Fr\u00fchbetreuung<\/h3>\n<p>Betreuung ab 6.45 Uhr im Hort\u00a0 (Organisation Marktgemeinde Breitenfurt)<\/p>\n<p>Kosten: 20\u20ac\/Monat<\/p>\n<p>&nbsp;<\/p>\n<h3><\/h3>\n<p>&nbsp;<\/p>\n<p>&nbsp;<\/p>\n","protected":false},"excerpt":{"rendered":"<p>Unverbindliche \u00dcbungen (U\u00dc) U\u00dc MINT-Club f\u00fcr alle Klassen: Mathematik-Informatik-Naturwissenschaft-Technik \u201eDer einfachste Versuch, den man selbst durchf\u00fchrt, ist besser als der sch\u00f6nste Versuch, den man nur sieht.\u201c (Michael Faraday 1791-1861) Nach diesem Motto wollen wir in der unverbindlichen \u00dcbung \u201eMINT-Club&#8220; den Klassenraum in ein Zauberlabor zum Experimentieren und Staunen verwandeln. Wir sind gemeinsam aktiv, um die [&hellip;]<\/p>\n","protected":false},"author":1,"featured_media":0,"parent":0,"menu_order":0,"comment_status":"closed","ping_status":"closed","template":"","meta":{"site-sidebar-layout":"default","site-content-layout":"default","ast-site-content-layout":"default","site-content-style":"default","site-sidebar-style":"default","ast-global-header-display":"","ast-banner-title-visibility":"","ast-main-header-display":"","ast-hfb-above-header-display":"","ast-hfb-below-header-display":"","ast-hfb-mobile-header-display":"","site-post-title":"","ast-breadcrumbs-content":"","ast-featured-img":"","footer-sml-layout":"","ast-disable-related-posts":"","theme-transparent-header-meta":"default","adv-header-id-meta":"","stick-header-meta":"","header-above-stick-meta":"","header-main-stick-meta":"","header-below-stick-meta":"","astra-migrate-meta-layouts":"set","ast-page-background-enabled":"default","ast-page-background-meta":{"desktop":{"background-color":"","background-image":"","background-repeat":"repeat","background-position":"center center","background-size":"auto","background-attachment":"scroll","background-type":"","background-media":"","overlay-type":"","overlay-color":"","overlay-opacity":"","overlay-gradient":""},"tablet":{"background-color":"","background-image":"","background-repeat":"repeat","background-position":"center center","background-size":"auto","background-attachment":"scroll","background-type":"","background-media":"","overlay-type":"","overlay-color":"","overlay-opacity":"","overlay-gradient":""},"mobile":{"background-color":"","background-image":"","background-repeat":"repeat","background-position":"center center","background-size":"auto","background-attachment":"scroll","background-type":"","background-media":"","overlay-type":"","overlay-color":"","overlay-opacity":"","overlay-gradient":""}},"ast-content-background-meta":{"desktop":{"background-color":"var(--ast-global-color-5)","background-image":"","background-repeat":"repeat","background-position":"center center","background-size":"auto","background-attachment":"scroll","background-type":"","background-media":"","overlay-type":"","overlay-color":"","overlay-opacity":"","overlay-gradient":""},"tablet":{"background-color":"var(--ast-global-color-5)","background-image":"","background-repeat":"repeat","background-position":"center center","background-size":"auto","background-attachment":"scroll","background-type":"","background-media":"","overlay-type":"","overlay-color":"","overlay-opacity":"","overlay-gradient":""},"mobile":{"background-color":"var(--ast-global-color-5)","background-image":"","background-repeat":"repeat","background-position":"center center","background-size":"auto","background-attachment":"scroll","background-type":"","background-media":"","overlay-type":"","overlay-color":"","overlay-opacity":"","overlay-gradient":""}},"footnotes":""},"class_list":["post-236","page","type-page","status-publish","hentry"],"_links":{"self":[{"href":"https:\/\/vsbreitenfurt.ac.at\/wp5\/wp-json\/wp\/v2\/pages\/236","targetHints":{"allow":["GET"]}}],"collection":[{"href":"https:\/\/vsbreitenfurt.ac.at\/wp5\/wp-json\/wp\/v2\/pages"}],"about":[{"href":"https:\/\/vsbreitenfurt.ac.at\/wp5\/wp-json\/wp\/v2\/types\/page"}],"author":[{"embeddable":true,"href":"https:\/\/vsbreitenfurt.ac.at\/wp5\/wp-json\/wp\/v2\/users\/1"}],"replies":[{"embeddable":true,"href":"https:\/\/vsbreitenfurt.ac.at\/wp5\/wp-json\/wp\/v2\/comments?post=236"}],"version-history":[{"count":32,"href":"https:\/\/vsbreitenfurt.ac.at\/wp5\/wp-json\/wp\/v2\/pages\/236\/revisions"}],"predecessor-version":[{"id":3028,"href":"https:\/\/vsbreitenfurt.ac.at\/wp5\/wp-json\/wp\/v2\/pages\/236\/revisions\/3028"}],"wp:attachment":[{"href":"https:\/\/vsbreitenfurt.ac.at\/wp5\/wp-json\/wp\/v2\/media?parent=236"}],"curies":[{"name":"wp","href":"https:\/\/api.w.org\/{rel}","templated":true}]}}